{"id":104,"date":"2024-09-22T19:09:35","date_gmt":"2024-09-22T19:09:35","guid":{"rendered":"http:\/\/servicioscomunitariosadventistas.org\/?page_id=104"},"modified":"2024-09-22T19:34:03","modified_gmt":"2024-09-22T19:34:03","slug":"voluntarios","status":"publish","type":"page","link":"https:\/\/servicioscomunitariosadventistas.org\/index.php\/voluntarios\/","title":{"rendered":"Voluntarios"},"content":{"rendered":"\t\t<div data-elementor-type=\"wp-page\" data-elementor-id=\"104\" class=\"elementor elementor-104\" data-elementor-post-type=\"page\">\n\t\t\t\t<div class=\"elementor-element elementor-element-6f6a8e80 e-con-full e-flex e-con e-parent\" data-id=\"6f6a8e80\" data-element_type=\"container\">\n\t\t<div class=\"elementor-element elementor-element-cbd7abc e-flex e-con-boxed e-con e-child\" data-id=\"cbd7abc\" data-element_type=\"container\" data-settings=\"{&quot;background_background&quot;:&quot;classic&quot;}\">\n\t\t\t\t\t<div class=\"e-con-inner\">\n\t\t<div class=\"elementor-element elementor-element-33f35ace e-con-full e-flex e-con e-child\" data-id=\"33f35ace\" data-element_type=\"container\">\n\t\t\t\t<div class=\"elementor-element elementor-element-cf91f65 elementor-widget elementor-widget-heading\" data-id=\"cf91f65\" data-element_type=\"widget\" data-widget_type=\"heading.default\">\n\t\t\t\t<div class=\"elementor-widget-container\">\n\t\t\t<h2 class=\"elementor-heading-title elementor-size-default\">Voluntariado<\/h2>\t\t<\/div>\n\t\t\t\t<\/div>\n\t\t\t\t<div class=\"elementor-element elementor-element-44fa33b elementor-widget elementor-widget-text-editor\" data-id=\"44fa33b\" data-element_type=\"widget\" data-widget_type=\"text-editor.default\">\n\t\t\t\t<div class=\"elementor-widget-container\">\n\t\t\t\t\t\t\t<p>\u00a1\u00danete a Nuestra Red de Voluntarios y Haz la Diferencia Hoy!<\/p>\t\t\t\t\t\t<\/div>\n\t\t\t\t<\/div>\n\t\t\t\t<\/div>\n\t\t\t\t<div class=\"elementor-element elementor-element-7722d380 elementor-widget-tablet__width-initial elementor-widget-mobile__width-inherit elementor-widget elementor-widget-image\" data-id=\"7722d380\" data-element_type=\"widget\" data-widget_type=\"image.default\">\n\t\t\t\t<div class=\"elementor-widget-container\">\n\t\t\t\t\t\t\t\t\t\t\t\t\t<img fetchpriority=\"high\" decoding=\"async\" width=\"800\" height=\"731\" src=\"https:\/\/servicioscomunitariosadventistas.org\/wp-content\/uploads\/2024\/09\/volunyariado-1024x936.png\" class=\"attachment-large size-large wp-image-88\" alt=\"\" srcset=\"https:\/\/servicioscomunitariosadventistas.org\/wp-content\/uploads\/2024\/09\/volunyariado-1024x936.png 1024w, https:\/\/servicioscomunitariosadventistas.org\/wp-content\/uploads\/2024\/09\/volunyariado-300x274.png 300w, https:\/\/servicioscomunitariosadventistas.org\/wp-content\/uploads\/2024\/09\/volunyariado-768x702.png 768w, https:\/\/servicioscomunitariosadventistas.org\/wp-content\/uploads\/2024\/09\/volunyariado-1536x1404.png 1536w, https:\/\/servicioscomunitariosadventistas.org\/wp-content\/uploads\/2024\/09\/volunyariado.png 1680w\" sizes=\"(max-width: 800px) 100vw, 800px\" \/>\t\t\t\t\t\t\t\t\t\t\t\t\t<\/div>\n\t\t\t\t<\/div>\n\t\t\t\t\t<\/div>\n\t\t\t\t<\/div>\n\t\t<div class=\"elementor-element elementor-element-582561af e-con-full e-flex e-con e-child\" data-id=\"582561af\" data-element_type=\"container\" data-settings=\"{&quot;background_background&quot;:&quot;classic&quot;}\">\n\t\t<div class=\"elementor-element elementor-element-1d62471c e-flex e-con-boxed e-con e-child\" data-id=\"1d62471c\" data-element_type=\"container\">\n\t\t\t\t\t<div class=\"e-con-inner\">\n\t\t\t\t\t<\/div>\n\t\t\t\t<\/div>\n\t\t\t\t<\/div>\n\t\t\t\t<\/div>\n\t\t<div class=\"elementor-element elementor-element-23c4bbcd e-con-full e-flex e-con e-parent\" data-id=\"23c4bbcd\" data-element_type=\"container\">\n\t\t<div class=\"elementor-element elementor-element-bfb5e05 e-flex e-con-boxed e-con e-child\" data-id=\"bfb5e05\" data-element_type=\"container\">\n\t\t\t\t\t<div class=\"e-con-inner\">\n\t\t\t\t<div class=\"elementor-element elementor-element-57215bf5 elementor-widget__width-initial elementor-widget elementor-widget-image\" data-id=\"57215bf5\" data-element_type=\"widget\" data-widget_type=\"image.default\">\n\t\t\t\t<div class=\"elementor-widget-container\">\n\t\t\t\t\t\t\t\t\t\t\t\t\t<img decoding=\"async\" width=\"800\" height=\"534\" src=\"https:\/\/servicioscomunitariosadventistas.org\/wp-content\/uploads\/2024\/09\/HBO_3985-44-2-2-1024x683.jpg\" class=\"attachment-large size-large wp-image-130\" alt=\"\" srcset=\"https:\/\/servicioscomunitariosadventistas.org\/wp-content\/uploads\/2024\/09\/HBO_3985-44-2-2-1024x683.jpg 1024w, https:\/\/servicioscomunitariosadventistas.org\/wp-content\/uploads\/2024\/09\/HBO_3985-44-2-2-300x200.jpg 300w, https:\/\/servicioscomunitariosadventistas.org\/wp-content\/uploads\/2024\/09\/HBO_3985-44-2-2-768x512.jpg 768w, https:\/\/servicioscomunitariosadventistas.org\/wp-content\/uploads\/2024\/09\/HBO_3985-44-2-2-1536x1024.jpg 1536w, https:\/\/servicioscomunitariosadventistas.org\/wp-content\/uploads\/2024\/09\/HBO_3985-44-2-2.jpg 2048w\" sizes=\"(max-width: 800px) 100vw, 800px\" \/>\t\t\t\t\t\t\t\t\t\t\t\t\t<\/div>\n\t\t\t\t<\/div>\n\t\t<div class=\"elementor-element elementor-element-13381731 e-con-full e-flex e-con e-child\" data-id=\"13381731\" data-element_type=\"container\">\n\t\t\t\t<div class=\"elementor-element elementor-element-7498217e elementor-widget elementor-widget-heading\" data-id=\"7498217e\" data-element_type=\"widget\" data-widget_type=\"heading.default\">\n\t\t\t\t<div class=\"elementor-widget-container\">\n\t\t\t<h2 class=\"elementor-heading-title elementor-size-default\">Hacer el bien hace bien<\/h2>\t\t<\/div>\n\t\t\t\t<\/div>\n\t\t\t\t<\/div>\n\t\t\t\t\t<\/div>\n\t\t\t\t<\/div>\n\t\t\t\t<\/div>\n\t\t<div class=\"elementor-element elementor-element-20a5e165 e-con-full e-flex e-con e-parent\" data-id=\"20a5e165\" data-element_type=\"container\">\n\t\t<div class=\"elementor-element elementor-element-3a267374 e-flex e-con-boxed e-con e-child\" data-id=\"3a267374\" data-element_type=\"container\">\n\t\t\t\t\t<div class=\"e-con-inner\">\n\t\t<div class=\"elementor-element elementor-element-171ba90d e-con-full e-flex e-con e-child\" data-id=\"171ba90d\" data-element_type=\"container\">\n\t\t\t\t<div class=\"elementor-element elementor-element-67e4e675 elementor-widget elementor-widget-heading\" data-id=\"67e4e675\" data-element_type=\"widget\" data-widget_type=\"heading.default\">\n\t\t\t\t<div class=\"elementor-widget-container\">\n\t\t\t<p class=\"elementor-heading-title elementor-size-default\">\u00bfQu\u00e9 hacemos?<\/p>\t\t<\/div>\n\t\t\t\t<\/div>\n\t\t\t\t<div class=\"elementor-element elementor-element-13d6ae30 elementor-widget elementor-widget-text-editor\" data-id=\"13d6ae30\" data-element_type=\"widget\" data-widget_type=\"text-editor.default\">\n\t\t\t\t<div class=\"elementor-widget-container\">\n\t\t\t\t\t\t\t<p>Nuestra red de voluntarios es el coraz\u00f3n de la Fundaci\u00f3n SEA. Contamos con un grupo dedicado de personas comprometidas que aportan su tiempo, habilidades y pasi\u00f3n para apoyar nuestras diversas iniciativas. Invitamos a todos los interesados a unirse a nuestra red, ya que juntos podemos hacer una diferencia significativa en la vida de muchas personas. \u00danete a nosotros y s\u00e9 parte del cambio.<\/p>\t\t\t\t\t\t<\/div>\n\t\t\t\t<\/div>\n\t\t\t\t<\/div>\n\t\t\t\t<div class=\"elementor-element elementor-element-396fa2f7 elementor-widget__width-initial elementor-widget elementor-widget-image\" data-id=\"396fa2f7\" data-element_type=\"widget\" data-widget_type=\"image.default\">\n\t\t\t\t<div class=\"elementor-widget-container\">\n\t\t\t\t\t\t\t\t\t\t\t\t\t<img decoding=\"async\" width=\"800\" height=\"534\" src=\"https:\/\/servicioscomunitariosadventistas.org\/wp-content\/uploads\/2024\/09\/HBO_3481-52-2-1024x683.jpg\" class=\"attachment-large size-large wp-image-133\" alt=\"\" srcset=\"https:\/\/servicioscomunitariosadventistas.org\/wp-content\/uploads\/2024\/09\/HBO_3481-52-2-1024x683.jpg 1024w, https:\/\/servicioscomunitariosadventistas.org\/wp-content\/uploads\/2024\/09\/HBO_3481-52-2-300x200.jpg 300w, https:\/\/servicioscomunitariosadventistas.org\/wp-content\/uploads\/2024\/09\/HBO_3481-52-2-768x512.jpg 768w, https:\/\/servicioscomunitariosadventistas.org\/wp-content\/uploads\/2024\/09\/HBO_3481-52-2-1536x1024.jpg 1536w, https:\/\/servicioscomunitariosadventistas.org\/wp-content\/uploads\/2024\/09\/HBO_3481-52-2.jpg 2048w\" sizes=\"(max-width: 800px) 100vw, 800px\" \/>\t\t\t\t\t\t\t\t\t\t\t\t\t<\/div>\n\t\t\t\t<\/div>\n\t\t\t\t\t<\/div>\n\t\t\t\t<\/div>\n\t\t\t\t<\/div>\n\t\t<div class=\"elementor-element elementor-element-1405ce0b e-con-full e-flex e-con e-parent\" data-id=\"1405ce0b\" data-element_type=\"container\">\n\t\t<div class=\"elementor-element elementor-element-1577a187 e-flex e-con-boxed e-con e-child\" data-id=\"1577a187\" data-element_type=\"container\">\n\t\t\t\t\t<div class=\"e-con-inner\">\n\t\t\t\t<div class=\"elementor-element elementor-element-27c63f80 elementor-widget__width-initial elementor-widget elementor-widget-image\" data-id=\"27c63f80\" data-element_type=\"widget\" data-widget_type=\"image.default\">\n\t\t\t\t<div class=\"elementor-widget-container\">\n\t\t\t\t\t\t\t\t\t\t\t\t\t<img loading=\"lazy\" decoding=\"async\" width=\"800\" height=\"450\" src=\"https:\/\/servicioscomunitariosadventistas.org\/wp-content\/uploads\/2024\/09\/HBO_3489-54-2-1024x576.jpg\" class=\"attachment-large size-large wp-image-138\" alt=\"\" srcset=\"https:\/\/servicioscomunitariosadventistas.org\/wp-content\/uploads\/2024\/09\/HBO_3489-54-2-1024x576.jpg 1024w, https:\/\/servicioscomunitariosadventistas.org\/wp-content\/uploads\/2024\/09\/HBO_3489-54-2-300x169.jpg 300w, https:\/\/servicioscomunitariosadventistas.org\/wp-content\/uploads\/2024\/09\/HBO_3489-54-2-768x432.jpg 768w, https:\/\/servicioscomunitariosadventistas.org\/wp-content\/uploads\/2024\/09\/HBO_3489-54-2-1536x864.jpg 1536w, https:\/\/servicioscomunitariosadventistas.org\/wp-content\/uploads\/2024\/09\/HBO_3489-54-2.jpg 2048w\" sizes=\"(max-width: 800px) 100vw, 800px\" \/>\t\t\t\t\t\t\t\t\t\t\t\t\t<\/div>\n\t\t\t\t<\/div>\n\t\t<div class=\"elementor-element elementor-element-6589854a e-con-full e-flex e-con e-child\" data-id=\"6589854a\" data-element_type=\"container\">\n\t\t\t\t<div class=\"elementor-element elementor-element-76d0d4ce elementor-widget elementor-widget-heading\" data-id=\"76d0d4ce\" data-element_type=\"widget\" data-widget_type=\"heading.default\">\n\t\t\t\t<div class=\"elementor-widget-container\">\n\t\t\t<p class=\"elementor-heading-title elementor-size-default\">\u00bfPorque lo hacemos?<\/p>\t\t<\/div>\n\t\t\t\t<\/div>\n\t\t\t\t<div class=\"elementor-element elementor-element-7c23437c elementor-widget elementor-widget-text-editor\" data-id=\"7c23437c\" data-element_type=\"widget\" data-widget_type=\"text-editor.default\">\n\t\t\t\t<div class=\"elementor-widget-container\">\n\t\t\t\t\t\t\t<p>Los servicios brindados a la comunidad y a las regiones que carecen de ellos son posibles gracias a la colaboraci\u00f3n de una red de voluntarios. Nuestra red de voluntarios es el coraz\u00f3n de la Fundaci\u00f3n SEA. Contamos con un grupo dedicado de personas comprometidas que aportan su tiempo, habilidades y pasi\u00f3n para apoyar nuestras diversas iniciativas. Estos voluntarios, sin remuneraci\u00f3n, ofrecen su tiempo, talento, habilidades y destrezas para apoyar los trabajos necesarios, logrando as\u00ed los objetivos propuestos.<\/p>\t\t\t\t\t\t<\/div>\n\t\t\t\t<\/div>\n\t\t\t\t<\/div>\n\t\t\t\t\t<\/div>\n\t\t\t\t<\/div>\n\t\t\t\t<\/div>\n\t\t<div class=\"elementor-element elementor-element-77455610 e-con-full e-flex e-con e-parent\" data-id=\"77455610\" data-element_type=\"container\">\n\t\t<div class=\"elementor-element elementor-element-25d4ca79 e-flex e-con-boxed e-con e-child\" data-id=\"25d4ca79\" data-element_type=\"container\">\n\t\t\t\t\t<div class=\"e-con-inner\">\n\t\t<div class=\"elementor-element elementor-element-1d2d4445 e-con-full e-flex e-con e-child\" data-id=\"1d2d4445\" data-element_type=\"container\">\n\t\t\t\t<div class=\"elementor-element elementor-element-44bfd67e elementor-widget elementor-widget-heading\" data-id=\"44bfd67e\" data-element_type=\"widget\" data-widget_type=\"heading.default\">\n\t\t\t\t<div class=\"elementor-widget-container\">\n\t\t\t<p class=\"elementor-heading-title elementor-size-default\">T\u00fa puedes ser el pr\u00f3ximo<\/p>\t\t<\/div>\n\t\t\t\t<\/div>\n\t\t\t\t<div class=\"elementor-element elementor-element-53938a15 elementor-widget elementor-widget-text-editor\" data-id=\"53938a15\" data-element_type=\"widget\" data-widget_type=\"text-editor.default\">\n\t\t\t\t<div class=\"elementor-widget-container\">\n\t\t\t\t\t\t\t<p>Invitamos a todos los interesados a unirse a nuestra red, ya que juntos podemos hacer una diferencia significativa en la vida de muchas personas. Los voluntarios pueden contribuir a los proyectos y servicios desarrollados en su zona o en \u00e1reas cercanas en las siguientes \u00e1reas: educaci\u00f3n, salud y servicios comunitarios. \u00danete a nosotros y s\u00e9 parte del cambio. Hacer el bien hace bien.<\/p>\t\t\t\t\t\t<\/div>\n\t\t\t\t<\/div>\n\t\t\t\t<\/div>\n\t\t\t\t<div class=\"elementor-element elementor-element-1f00e240 elementor-widget__width-initial elementor-widget elementor-widget-image\" data-id=\"1f00e240\" data-element_type=\"widget\" data-widget_type=\"image.default\">\n\t\t\t\t<div class=\"elementor-widget-container\">\n\t\t\t\t\t\t\t\t\t\t\t\t\t<img loading=\"lazy\" decoding=\"async\" width=\"800\" height=\"534\" src=\"https:\/\/servicioscomunitariosadventistas.org\/wp-content\/uploads\/2024\/09\/HBO_4095-61-2-2-1024x683.jpg\" class=\"attachment-large size-large wp-image-139\" alt=\"\" srcset=\"https:\/\/servicioscomunitariosadventistas.org\/wp-content\/uploads\/2024\/09\/HBO_4095-61-2-2-1024x683.jpg 1024w, https:\/\/servicioscomunitariosadventistas.org\/wp-content\/uploads\/2024\/09\/HBO_4095-61-2-2-300x200.jpg 300w, https:\/\/servicioscomunitariosadventistas.org\/wp-content\/uploads\/2024\/09\/HBO_4095-61-2-2-768x512.jpg 768w, https:\/\/servicioscomunitariosadventistas.org\/wp-content\/uploads\/2024\/09\/HBO_4095-61-2-2-1536x1024.jpg 1536w, https:\/\/servicioscomunitariosadventistas.org\/wp-content\/uploads\/2024\/09\/HBO_4095-61-2-2.jpg 2048w\" sizes=\"(max-width: 800px) 100vw, 800px\" \/>\t\t\t\t\t\t\t\t\t\t\t\t\t<\/div>\n\t\t\t\t<\/div>\n\t\t\t\t\t<\/div>\n\t\t\t\t<\/div>\n\t\t\t\t<\/div>\n\t\t<div class=\"elementor-element elementor-element-fc858a5 e-con-full e-flex e-con e-parent\" data-id=\"fc858a5\" data-element_type=\"container\">\n\t\t<div class=\"elementor-element elementor-element-18b041b e-flex e-con-boxed e-con e-child\" data-id=\"18b041b\" data-element_type=\"container\" data-settings=\"{&quot;background_background&quot;:&quot;classic&quot;}\">\n\t\t\t\t\t<div class=\"e-con-inner\">\n\t\t\t\t\t<\/div>\n\t\t\t\t<\/div>\n\t\t<div class=\"elementor-element elementor-element-9a9914f e-flex e-con-boxed e-con e-child\" data-id=\"9a9914f\" data-element_type=\"container\" data-settings=\"{&quot;background_background&quot;:&quot;classic&quot;}\">\n\t\t\t\t\t<div class=\"e-con-inner\">\n\t\t\t\t<div class=\"elementor-element elementor-element-1552f12 elementor-widget elementor-widget-heading\" data-id=\"1552f12\" data-element_type=\"widget\" data-widget_type=\"heading.default\">\n\t\t\t\t<div class=\"elementor-widget-container\">\n\t\t\t<h2 class=\"elementor-heading-title elementor-size-default\">Formulario de contacto<\/h2>\t\t<\/div>\n\t\t\t\t<\/div>\n\t\t\t\t<div class=\"elementor-element elementor-element-c82e388 elementor-button-align-stretch elementor-widget elementor-widget-form\" data-id=\"c82e388\" data-element_type=\"widget\" data-settings=\"{&quot;button_width&quot;:&quot;50&quot;,&quot;step_next_label&quot;:&quot;siguiente&quot;,&quot;step_previous_label&quot;:&quot;atras&quot;,&quot;step_type&quot;:&quot;number_text&quot;,&quot;step_icon_shape&quot;:&quot;circle&quot;}\" data-widget_type=\"form.default\">\n\t\t\t\t<div class=\"elementor-widget-container\">\n\t\t\t\t\t<form class=\"elementor-form\" method=\"post\" name=\"New Form\">\n\t\t\t<input type=\"hidden\" name=\"post_id\" value=\"104\"\/>\n\t\t\t<input type=\"hidden\" name=\"form_id\" value=\"c82e388\"\/>\n\t\t\t<input type=\"hidden\" name=\"referer_title\" value=\"Voluntarios - Servicios Comunitarios Adventistas\" \/>\n\n\t\t\t\t\t\t\t<input type=\"hidden\" name=\"queried_id\" value=\"104\"\/>\n\t\t\t\n\t\t\t<div class=\"elementor-form-fields-wrapper elementor-labels-above\">\n\t\t\t\t\t\t\t\t<div class=\"elementor-field-type-text elementor-field-group elementor-column elementor-field-group-name elementor-col-50 elementor-field-required\">\n\t\t\t\t\t\t\t\t\t\t\t\t\t<input size=\"1\" type=\"text\" name=\"form_fields[name]\" id=\"form-field-name\" class=\"elementor-field elementor-size-sm  elementor-field-textual\" placeholder=\"Nombre\" required=\"required\" aria-required=\"true\">\n\t\t\t\t\t\t\t\t\t\t\t<\/div>\n\t\t\t\t\t\t\t\t<div class=\"elementor-field-type-text elementor-field-group elementor-column elementor-field-group-field_a3eb2b8 elementor-col-50 elementor-field-required\">\n\t\t\t\t\t\t\t\t\t\t\t\t\t<input size=\"1\" type=\"text\" name=\"form_fields[field_a3eb2b8]\" id=\"form-field-field_a3eb2b8\" class=\"elementor-field elementor-size-sm  elementor-field-textual\" placeholder=\"Apellido\" required=\"required\" aria-required=\"true\">\n\t\t\t\t\t\t\t\t\t\t\t<\/div>\n\t\t\t\t\t\t\t\t<div class=\"elementor-field-type-email elementor-field-group elementor-column elementor-field-group-email elementor-col-50 elementor-field-required\">\n\t\t\t\t\t\t\t\t\t\t\t\t\t<input size=\"1\" type=\"email\" name=\"form_fields[email]\" id=\"form-field-email\" class=\"elementor-field elementor-size-sm  elementor-field-textual\" placeholder=\"Email\" required=\"required\" aria-required=\"true\">\n\t\t\t\t\t\t\t\t\t\t\t<\/div>\n\t\t\t\t\t\t\t\t<div class=\"elementor-field-type-tel elementor-field-group elementor-column elementor-field-group-field_c903af1 elementor-col-50 elementor-field-required\">\n\t\t\t\t\t\t\t<input size=\"1\" type=\"tel\" name=\"form_fields[field_c903af1]\" id=\"form-field-field_c903af1\" class=\"elementor-field elementor-size-sm  elementor-field-textual\" placeholder=\"Tel\u00e9fono\" required=\"required\" aria-required=\"true\" pattern=\"[0-9()#&amp;+*-=.]+\" title=\"Only numbers and phone characters (#, -, *, etc) are accepted.\">\n\n\t\t\t\t\t\t<\/div>\n\t\t\t\t\t\t\t\t<div class=\"elementor-field-type-textarea elementor-field-group elementor-column elementor-field-group-field_55e36ce elementor-col-100\">\n\t\t\t\t\t<textarea class=\"elementor-field-textual elementor-field  elementor-size-sm\" name=\"form_fields[field_55e36ce]\" id=\"form-field-field_55e36ce\" rows=\"4\" placeholder=\"Mensaje\"><\/textarea>\t\t\t\t<\/div>\n\t\t\t\t\t\t\t\t<div class=\"elementor-field-group elementor-column elementor-field-type-submit elementor-col-50 e-form__buttons\">\n\t\t\t\t\t<button class=\"elementor-button elementor-size-sm\" type=\"submit\">\n\t\t\t\t\t\t<span class=\"elementor-button-content-wrapper\">\n\t\t\t\t\t\t\t\t\t\t\t\t\t\t\t<span class=\"elementor-button-icon\">\n\t\t\t\t\t\t\t\t\t<svg aria-hidden=\"true\" class=\"e-font-icon-svg e-far-paper-plane\" viewBox=\"0 0 512 512\" xmlns=\"http:\/\/www.w3.org\/2000\/svg\"><path d=\"M440 6.5L24 246.4c-34.4 19.9-31.1 70.8 5.7 85.9L144 379.6V464c0 46.4 59.2 65.5 86.6 28.6l43.8-59.1 111.9 46.2c5.9 2.4 12.1 3.6 18.3 3.6 8.2 0 16.3-2.1 23.6-6.2 12.8-7.2 21.6-20 23.9-34.5l59.4-387.2c6.1-40.1-36.9-68.8-71.5-48.9zM192 464v-64.6l36.6 15.1L192 464zm212.6-28.7l-153.8-63.5L391 169.5c10.7-15.5-9.5-33.5-23.7-21.2L155.8 332.6 48 288 464 48l-59.4 387.3z\"><\/path><\/svg>\t\t\t\t\t\t\t\t\t\t\t\t\t\t\t\t\t<\/span>\n\t\t\t\t\t\t\t\t\t\t\t\t\t\t\t\t\t\t\t\t\t\t<span class=\"elementor-button-text\">ENVIAR<\/span>\n\t\t\t\t\t\t\t\t\t\t\t\t\t<\/span>\n\t\t\t\t\t<\/button>\n\t\t\t\t<\/div>\n\t\t\t<\/div>\n\t\t<\/form>\n\t\t\t\t<\/div>\n\t\t\t\t<\/div>\n\t\t\t\t\t<\/div>\n\t\t\t\t<\/div>\n\t\t\t\t<\/div>\n\t\t\t\t<\/div>\n\t\t","protected":false},"excerpt":{"rendered":"<p>Voluntariado \u00a1\u00danete a Nuestra Red de Voluntarios y Haz la Diferencia Hoy! Hacer el bien hace bien \u00bfQu\u00e9 hacemos? Nuestra red de voluntarios es el coraz\u00f3n de la Fundaci\u00f3n SEA. Contamos con un grupo dedicado de personas comprometidas que aportan su tiempo, habilidades y pasi\u00f3n para apoyar nuestras diversas iniciativas. Invitamos a todos los interesados [&hellip;]<\/p>\n","protected":false},"author":1,"featured_media":0,"parent":0,"menu_order":0,"comment_status":"closed","ping_status":"closed","template":"elementor_header_footer","meta":{"footnotes":""},"class_list":["post-104","page","type-page","status-publish","hentry"],"aioseo_notices":[],"_links":{"self":[{"href":"https:\/\/servicioscomunitariosadventistas.org\/index.php\/wp-json\/wp\/v2\/pages\/104","targetHints":{"allow":["GET"]}}],"collection":[{"href":"https:\/\/servicioscomunitariosadventistas.org\/index.php\/wp-json\/wp\/v2\/pages"}],"about":[{"href":"https:\/\/servicioscomunitariosadventistas.org\/index.php\/wp-json\/wp\/v2\/types\/page"}],"author":[{"embeddable":true,"href":"https:\/\/servicioscomunitariosadventistas.org\/index.php\/wp-json\/wp\/v2\/users\/1"}],"replies":[{"embeddable":true,"href":"https:\/\/servicioscomunitariosadventistas.org\/index.php\/wp-json\/wp\/v2\/comments?post=104"}],"version-history":[{"count":4,"href":"https:\/\/servicioscomunitariosadventistas.org\/index.php\/wp-json\/wp\/v2\/pages\/104\/revisions"}],"predecessor-version":[{"id":142,"href":"https:\/\/servicioscomunitariosadventistas.org\/index.php\/wp-json\/wp\/v2\/pages\/104\/revisions\/142"}],"wp:attachment":[{"href":"https:\/\/servicioscomunitariosadventistas.org\/index.php\/wp-json\/wp\/v2\/media?parent=104"}],"curies":[{"name":"wp","href":"https:\/\/api.w.org\/{rel}","templated":true}]}}