{"id":172,"date":"2024-09-22T19:56:39","date_gmt":"2024-09-22T19:56:39","guid":{"rendered":"http:\/\/servicioscomunitariosadventistas.org\/?page_id=172"},"modified":"2024-09-22T20:00:24","modified_gmt":"2024-09-22T20:00:24","slug":"terminos-y-condiciones","status":"publish","type":"page","link":"https:\/\/servicioscomunitariosadventistas.org\/index.php\/terminos-y-condiciones\/","title":{"rendered":"Terminos y Condiciones"},"content":{"rendered":"\t\t<div data-elementor-type=\"wp-page\" data-elementor-id=\"172\" class=\"elementor elementor-172\" data-elementor-post-type=\"page\">\n\t\t\t\t<div class=\"elementor-element elementor-element-4ad90591 e-con-full e-flex e-con e-parent\" data-id=\"4ad90591\" data-element_type=\"container\">\n\t\t<div class=\"elementor-element elementor-element-4c032a33 e-flex e-con-boxed e-con e-child\" data-id=\"4c032a33\" data-element_type=\"container\" data-settings=\"{&quot;background_background&quot;:&quot;classic&quot;}\">\n\t\t\t\t\t<div class=\"e-con-inner\">\n\t\t<div class=\"elementor-element elementor-element-7392c394 e-con-full e-flex e-con e-child\" data-id=\"7392c394\" data-element_type=\"container\">\n\t\t\t\t<div class=\"elementor-element elementor-element-5bea94cb elementor-widget elementor-widget-heading\" data-id=\"5bea94cb\" data-element_type=\"widget\" data-widget_type=\"heading.default\">\n\t\t\t\t<div class=\"elementor-widget-container\">\n\t\t\t<h2 class=\"elementor-heading-title elementor-size-default\">Terminos y Condiciones<\/h2>\t\t<\/div>\n\t\t\t\t<\/div>\n\t\t\t\t<\/div>\n\t\t\t\t<div class=\"elementor-element elementor-element-2896e228 elementor-widget__width-initial elementor-widget-mobile__width-inherit elementor-widget elementor-widget-image\" data-id=\"2896e228\" data-element_type=\"widget\" data-widget_type=\"image.default\">\n\t\t\t\t<div class=\"elementor-widget-container\">\n\t\t\t\t\t\t\t\t\t\t\t\t\t<img fetchpriority=\"high\" decoding=\"async\" width=\"473\" height=\"541\" src=\"https:\/\/servicioscomunitariosadventistas.org\/wp-content\/uploads\/2024\/09\/servicios.png\" class=\"attachment-large size-large wp-image-47\" alt=\"\" srcset=\"https:\/\/servicioscomunitariosadventistas.org\/wp-content\/uploads\/2024\/09\/servicios.png 473w, https:\/\/servicioscomunitariosadventistas.org\/wp-content\/uploads\/2024\/09\/servicios-262x300.png 262w\" sizes=\"(max-width: 473px) 100vw, 473px\" \/>\t\t\t\t\t\t\t\t\t\t\t\t\t<\/div>\n\t\t\t\t<\/div>\n\t\t\t\t\t<\/div>\n\t\t\t\t<\/div>\n\t\t\t\t<\/div>\n\t\t<div class=\"elementor-element elementor-element-1ae6c7ca e-flex e-con-boxed e-con e-parent\" data-id=\"1ae6c7ca\" data-element_type=\"container\">\n\t\t\t\t\t<div class=\"e-con-inner\">\n\t\t\t\t<div class=\"elementor-element elementor-element-20a4264 elementor-widget elementor-widget-text-editor\" data-id=\"20a4264\" data-element_type=\"widget\" data-widget_type=\"text-editor.default\">\n\t\t\t\t<div class=\"elementor-widget-container\">\n\t\t\t\t\t\t\t<h3>1. <strong>Introducci\u00f3n<\/strong><\/h3><p>Bienvenido a servicioscomunitariosadventistas.org. Al acceder y utilizar nuestro sitio web, aceptas estos T\u00e9rminos y Condiciones en su totalidad.<\/p><h3>2. <strong>Uso del Sitio Web<\/strong><\/h3><p>El sitio web est\u00e1 destinado a brindar informaci\u00f3n sobre nuestras actividades, programas y formas de donar. No est\u00e1 permitido utilizarlo para actividades fraudulentas, difamatorias o ilegales.<\/p><h3>3. <strong>Donaciones<\/strong><\/h3><p>Las donaciones realizadas a trav\u00e9s de nuestro sitio son voluntarias y no reembolsables. Nos comprometemos a usar los fondos de manera transparente y para los fines indicados.<\/p><h3>4. <strong>Propiedad Intelectual<\/strong><\/h3><p>Todos los contenidos del sitio web, incluidos textos, im\u00e1genes y logotipos, son propiedad de la Fundaci\u00f3n y est\u00e1n protegidos por leyes de propiedad intelectual.<\/p><h3>5. <strong>Privacidad<\/strong><\/h3><p>Nos comprometemos a proteger tu informaci\u00f3n personal. Consulta nuestra Pol\u00edtica de Privacidad para m\u00e1s detalles.<\/p><h3>6. <strong>Limitaci\u00f3n de Responsabilidad<\/strong><\/h3><p>La Fundaci\u00f3n no se hace responsable por da\u00f1os derivados del uso del sitio web o la imposibilidad de acceder al mismo.<\/p><h3>7. <strong>Modificaciones<\/strong><\/h3><p>Nos reservamos el derecho de modificar estos t\u00e9rminos en cualquier momento. Las modificaciones ser\u00e1n efectivas desde su publicaci\u00f3n en el sitio web.<\/p><h3>8. <strong>Contacto<\/strong><\/h3><p>Para cualquier consulta, puedes contactarnos a trav\u00e9s de contaco@servicioscomunitariosadventistas.org.<\/p>\t\t\t\t\t\t<\/div>\n\t\t\t\t<\/div>\n\t\t\t\t\t<\/div>\n\t\t\t\t<\/div>\n\t\t\t\t<\/div>\n\t\t","protected":false},"excerpt":{"rendered":"<p>1. Introducci\u00f3n Bienvenido a servicioscomunitariosadventistas.org. Al acceder y utilizar nuestro sitio web, aceptas estos T\u00e9rminos y Condiciones en su totalidad. 2. Uso del Sitio Web El sitio web est\u00e1 destinado a brindar informaci\u00f3n sobre nuestras actividades, programas y formas de donar. No est\u00e1 permitido utilizarlo para actividades fraudulentas, difamatorias o ilegales. 3. Donaciones Las donaciones [&hellip;]<\/p>\n","protected":false},"author":1,"featured_media":0,"parent":0,"menu_order":0,"comment_status":"closed","ping_status":"closed","template":"elementor_header_footer","meta":{"footnotes":""},"class_list":["post-172","page","type-page","status-publish","hentry"],"aioseo_notices":[],"_links":{"self":[{"href":"https:\/\/servicioscomunitariosadventistas.org\/index.php\/wp-json\/wp\/v2\/pages\/172","targetHints":{"allow":["GET"]}}],"collection":[{"href":"https:\/\/servicioscomunitariosadventistas.org\/index.php\/wp-json\/wp\/v2\/pages"}],"about":[{"href":"https:\/\/servicioscomunitariosadventistas.org\/index.php\/wp-json\/wp\/v2\/types\/page"}],"author":[{"embeddable":true,"href":"https:\/\/servicioscomunitariosadventistas.org\/index.php\/wp-json\/wp\/v2\/users\/1"}],"replies":[{"embeddable":true,"href":"https:\/\/servicioscomunitariosadventistas.org\/index.php\/wp-json\/wp\/v2\/comments?post=172"}],"version-history":[{"count":4,"href":"https:\/\/servicioscomunitariosadventistas.org\/index.php\/wp-json\/wp\/v2\/pages\/172\/revisions"}],"predecessor-version":[{"id":177,"href":"https:\/\/servicioscomunitariosadventistas.org\/index.php\/wp-json\/wp\/v2\/pages\/172\/revisions\/177"}],"wp:attachment":[{"href":"https:\/\/servicioscomunitariosadventistas.org\/index.php\/wp-json\/wp\/v2\/media?parent=172"}],"curies":[{"name":"wp","href":"https:\/\/api.w.org\/{rel}","templated":true}]}}